{"id":21099,"date":"2025-06-06T09:20:04","date_gmt":"2025-06-06T07:20:04","guid":{"rendered":"https:\/\/stepanservice.climax.cz\/das-programm-neues-gruen-fuer-einsparungen\/"},"modified":"2025-11-14T14:58:38","modified_gmt":"2025-11-14T13:58:38","slug":"das-programm-neues-gruen-fuer-einsparungen","status":"publish","type":"page","link":"https:\/\/stepanservice.climax.cz\/de\/das-programm-neues-gruen-fuer-einsparungen\/","title":{"rendered":"Das Programm \u201eNeues Gr\u00fcn f\u00fcr Einsparungen\u201c"},"content":{"rendered":"\n<\/div><\/div>\n\n<div class=\"content-section \">\n\t<div class=\"container container--lg\">\n\n\n\t\t<div class=\"row\">\n\t\t\t<div class=\"col-md-5 content-section__content\">\n\t\t\t\t<h2 class=\"text-start\">Vyu\u017eijte dotace a bydlete pohodln\u011bji<\/h2>\n\t\t\t\t\n<p>Fond p\u0159ij\u00edm\u00e1 \u017e\u00e1dosti o dotace od \u0159\u00edjna 2021 do \u010dervna 2025. Nov\u00e1 zelen\u00e1 \u00faspor\u00e1m podporuje energeticky \u00fasporn\u00e1 opat\u0159en\u00ed v rodinn\u00fdch a bytov\u00fdch domech.<\/p>\n\n<p>CLIMAX, v\u00fdrobce st\u00ednic\u00ed techniky, je v tomto programu registrovan\u00fd pod <strong>ID SVT \u010d\u00edslem 1295<\/strong>.<\/p>\n\t\t\t<\/div>\n\t\t\t<div class=\"col-md-7\">\n\t\t\t\t\t\t\t\t<img\n\t\t\t\t\tclass=\"img-responsive lazyload\"\n\t\t\t\t\tdata-src=\"https:\/\/www.servisclimax.at\/wp-content\/uploads\/sites\/35\/2025\/06\/CLIMAX-inovuje-tradicne-metody-tienenia.-V-ponuke-su-tak-solarne-pohony-aj-moznost-integracie-tienenia-do-chytrej-domacnosti.jpg\"\n\t\t\t\t\talt=\"\"\n\t\t\t\t src=\"data:image\/svg+xml;base64,PHN2ZyB3aWR0aD0iMSIgaGVpZ2h0PSIxIiB4bWxucz0iaHR0cDovL3d3dy53My5vcmcvMjAwMC9zdmciPjwvc3ZnPg==\" style=\"--smush-placeholder-width: 1200px; --smush-placeholder-aspect-ratio: 1200\/800;\" \/>\n\t\t\t\t\t\t\t<\/div>\n\t\t<\/div>\n\t<\/div>\n<\/div>\n\n\n<div\n\tstyle=\"background-image:inherit\"\n\tclass=\"text-block-bg lazyload\" data-bg-image=\"url(&#039;https:\/\/www.servisclimax.at\/wp-content\/uploads\/sites\/35\/2025\/06\/PROMO-CLIMAX-2016-24-m.jpg&#039;)\">\n\t<div class=\"container container--lg\">\n\n\t\t<h2>Vyberte si sv\u00e9 st\u00edn\u011bn\u00ed s dotac\u00ed<\/h2>\n\t\t\n<div class=\"wp-block-columns is-layout-flex wp-container-core-columns-is-layout-9d6595d7 wp-block-columns-is-layout-flex\">\n<div class=\"wp-block-column is-layout-flow wp-block-column-is-layout-flow\" style=\"flex-basis:100%\">\n<div class=\"wp-block-group\"><div class=\"wp-block-group__inner-container is-layout-constrained wp-block-group-is-layout-constrained\">\n<div class=\"wp-block-buttons is-layout-flex wp-block-buttons-is-layout-flex\">\n<div class=\"wp-block-button\"><a class=\"wp-block-button__link wp-element-button\" href=\"\/typ-produktu\/venkovni-stineni\/venkovni-zaluzie\/\">Venkovn\u00ed \u017ealuzie<\/a><\/div>\n\n\n\n<div class=\"wp-block-button\"><a class=\"wp-block-button__link wp-element-button\" href=\"\/typ-produktu\/venkovni-stineni\/venkovni-rolety\/\">Venkovn\u00ed rolety<\/a><\/div>\n\n\n\n<div class=\"wp-block-button\"><a class=\"wp-block-button__link wp-element-button\" href=\"\/typ-produktu\/venkovni-stineni\/screenove-rolety\/\">Screenov\u00e9 rolety<\/a><\/div>\n<\/div>\n<\/div><\/div>\n<\/div>\n<\/div>\n\t<\/div>\n\n<\/div>\n\n\n\n<div class=\"content-section content-section--2\">\n\t<div class=\"container container--lg\">\n\n\n\t\t<div class=\"row\">\n\t\t\t<div class=\"col-md-5 content-section__content\">\n\t\t\t\t<h2 class=\"text-start\">Co je pot\u0159eba ud\u011blat pro z\u00edsk\u00e1n\u00ed dotace na venkovn\u00ed st\u00edn\u011bn\u00ed?<\/h2>\n\t\t\t\t\n<ul class=\"wp-block-list\">\n<li>\u017d\u00e1dat m\u016f\u017eete jen spole\u010dn\u011b s dotac\u00ed na zateplen\u00ed domu<\/li>\n\n\n\n<li>Dotaci mohou z\u00edskat vlastn\u00edci rodinn\u00fdch dom\u016f nebo bytov\u00fdch jednotek<\/li>\n\n\n\n<li>Budova mus\u00ed m\u00edt stavebn\u00ed povolen\u00ed vydan\u00e9 p\u0159ed 1. 7. 2013<\/li>\n\n\n\n<li>Opat\u0159en\u00ed nesm\u00ed b\u00fdt provedeno p\u0159ed 1. lednem 2021<\/li>\n<\/ul>\n\t\t\t<\/div>\n\t\t\t<div class=\"col-md-7\">\n\t\t\t\t\t\t\t\t<img\n\t\t\t\t\tclass=\"img-responsive lazyload\"\n\t\t\t\t\tdata-src=\"https:\/\/www.servisclimax.at\/wp-content\/uploads\/sites\/35\/2025\/06\/lamelino-unirol-z-2024-11-olisun-m-34.jpg\"\n\t\t\t\t\talt=\"\"\n\t\t\t\t src=\"data:image\/svg+xml;base64,PHN2ZyB3aWR0aD0iMSIgaGVpZ2h0PSIxIiB4bWxucz0iaHR0cDovL3d3dy53My5vcmcvMjAwMC9zdmciPjwvc3ZnPg==\" style=\"--smush-placeholder-width: 2048px; --smush-placeholder-aspect-ratio: 2048\/1365;\" \/>\n\t\t\t\t\t\t\t<\/div>\n\t\t<\/div>\n\t<\/div>\n<\/div>\n\n\n<div class=\"content-section \">\n\t<div class=\"container container--lg\">\n\n\n\t\t<div class=\"row\">\n\t\t\t<div class=\"col-md-5 content-section__content\">\n\t\t\t\t<h2 class=\"text-start\">Co budete pot\u0159ebovat k \u017e\u00e1dosti?<\/h2>\n\t\t\t\t\n<ul class=\"wp-block-list\">\n<li>Elektronickou identifikaci (Identitu ob\u010dana) a doklad o vlastnictv\u00ed bankovn\u00edho \u00fa\u010dtu<\/li>\n\n\n\n<li>Odborn\u00fd posudek (projektov\u00e1 dokumentace a energetick\u00e9 hodnocen\u00ed)<\/li>\n\n\n\n<li>V\u00fdkresovou dokumentaci nebo z\u00e1v\u011bre\u010dnou zpr\u00e1vu<\/li>\n\n\n\n<li>Kryc\u00ed list technick\u00fdch parametr\u016f, smlouvy a potvrzen\u00ed o \u00fahrad\u011b<\/li>\n<\/ul>\n\t\t\t<\/div>\n\t\t\t<div class=\"col-md-7\">\n\t\t\t\t\t\t\t\t<img\n\t\t\t\t\tclass=\"img-responsive lazyload\"\n\t\t\t\t\tdata-src=\"https:\/\/www.servisclimax.at\/wp-content\/uploads\/sites\/35\/2025\/06\/Z-90-NOVAL-2021-11-CLIMAX-climax8465-m.jpg\"\n\t\t\t\t\talt=\"\"\n\t\t\t\t src=\"data:image\/svg+xml;base64,PHN2ZyB3aWR0aD0iMSIgaGVpZ2h0PSIxIiB4bWxucz0iaHR0cDovL3d3dy53My5vcmcvMjAwMC9zdmciPjwvc3ZnPg==\" style=\"--smush-placeholder-width: 1200px; --smush-placeholder-aspect-ratio: 1200\/800;\" \/>\n\t\t\t\t\t\t\t<\/div>\n\t\t<\/div>\n\t<\/div>\n<\/div>\n\n\n<div class=\"content-section content-section--2\">\n\t<div class=\"container container--lg\">\n\n\n\t\t<div class=\"row\">\n\t\t\t<div class=\"col-md-5 content-section__content\">\n\t\t\t\t<h2 class=\"text-start\">V\u00fd\u0161e dotace na st\u00ednic\u00ed techniku<\/h2>\n\t\t\t\t\n<ul class=\"wp-block-list\">\n<li><strong>A\u017e 50 % z celkov\u00fdch zp\u016fsobil\u00fdch v\u00fddaj\u016f<\/strong>, maxim\u00e1ln\u011b v\u0161ak 4900 K\u010d\/m\u00b2<\/li>\n\n\n\n<li><strong>1500 K\u010d\/m\u00b2<\/strong> na instalaci pohybliv\u00fdch st\u00ednic\u00edch prvk\u016f umo\u017e\u0148uj\u00edc\u00edch nastaven\u00ed \u00farovn\u011b zast\u00edn\u011bn\u00ed<\/li>\n\n\n\n<li><strong>Bonus za kombinaci opat\u0159en\u00ed<\/strong>:\n<ul class=\"wp-block-list\">\n<li>10 000 K\u010d pro rodinn\u00e9 domy<\/li>\n\n\n\n<li>20 000 K\u010d pro bytov\u00e9 domy<\/li>\n\n\n\n<li>Bonus lze n\u00e1sobit podle po\u010dtu kombinovan\u00fdch opat\u0159en\u00ed a je p\u0159ipo\u010d\u00edt\u00e1n automaticky<\/li>\n<\/ul>\n<\/li>\n<\/ul>\n\t\t\t<\/div>\n\t\t\t<div class=\"col-md-7\">\n\t\t\t\t\t\t\t\t<img\n\t\t\t\t\tclass=\"img-responsive lazyload\"\n\t\t\t\t\tdata-src=\"https:\/\/www.servisclimax.at\/wp-content\/uploads\/sites\/35\/2025\/06\/2023_11_promo_screeny-elektro-muz-11-m.jpeg\"\n\t\t\t\t\talt=\"\"\n\t\t\t\t src=\"data:image\/svg+xml;base64,PHN2ZyB3aWR0aD0iMSIgaGVpZ2h0PSIxIiB4bWxucz0iaHR0cDovL3d3dy53My5vcmcvMjAwMC9zdmciPjwvc3ZnPg==\" style=\"--smush-placeholder-width: 1920px; --smush-placeholder-aspect-ratio: 1920\/1281;\" \/>\n\t\t\t\t\t\t\t<\/div>\n\t\t<\/div>\n\t<\/div>\n<\/div>\n\n\n<div\n\tstyle=\"background-image:inherit\"\n\tclass=\"text-block-bg lazyload\" data-bg-image=\"url(&#039;https:\/\/www.servisclimax.at\/wp-content\/uploads\/sites\/35\/2025\/06\/2023_11_promo_pergola_screen_rodina-5-m.jpeg&#039;)\">\n\t<div class=\"container container--lg\">\n\n\t\t<h2>M\u00e1te dotazy k dotac\u00edm?<\/h2>\n\t\t\n<div class=\"wp-block-buttons is-layout-flex wp-block-buttons-is-layout-flex\">\n<div class=\"wp-block-button\"><a class=\"wp-block-button__link wp-element-button\" href=\"https:\/\/novazelenausporam.cz\/caste-dotazy\">Nechte si poradit<\/a><\/div>\n<\/div>\n\t<\/div>\n\n<\/div>\n\n<div>\n\t<div class=\"container\">\n","protected":false},"excerpt":{"rendered":"","protected":false},"author":5,"featured_media":20947,"parent":0,"menu_order":0,"comment_status":"closed","ping_status":"closed","template":"","meta":{"_acf_changed":false,"inline_featured_image":false,"footnotes":""},"class_list":["post-21099","page","type-page","status-publish","has-post-thumbnail","hentry"],"acf":[],"yoast_head":"<!-- This site is optimized with the Yoast SEO Premium plugin v25.8 (Yoast SEO v27.2) - https:\/\/yoast.com\/product\/yoast-seo-premium-wordpress\/ -->\n<title>Das Programm \u201eNeues Gr\u00fcn f\u00fcr Einsparungen\u201c - Stepan service<\/title>\n<meta name=\"robots\" content=\"index, follow, max-snippet:-1, max-image-preview:large, max-video-preview:-1\" \/>\n<link rel=\"canonical\" href=\"https:\/\/stepanservice.climax.cz\/de\/das-programm-neues-gruen-fuer-einsparungen\/\" \/>\n<meta property=\"og:locale\" content=\"de_DE\" \/>\n<meta property=\"og:type\" content=\"article\" \/>\n<meta property=\"og:title\" content=\"Das Programm \u201eNeues Gr\u00fcn f\u00fcr Einsparungen\u201c\" \/>\n<meta property=\"og:url\" content=\"https:\/\/stepanservice.climax.cz\/de\/das-programm-neues-gruen-fuer-einsparungen\/\" \/>\n<meta property=\"og:site_name\" content=\"Stepan service\" \/>\n<meta property=\"article:modified_time\" content=\"2025-11-14T13:58:38+00:00\" \/>\n<meta property=\"og:image\" content=\"https:\/\/www.climax.cz\/wp-content\/uploads\/sites\/35\/2025\/01\/1666356957_c-80-2020-09-bravest-m-17-1.jpg\" \/>\n\t<meta property=\"og:image:width\" content=\"1000\" \/>\n\t<meta property=\"og:image:height\" content=\"667\" \/>\n\t<meta property=\"og:image:type\" content=\"image\/jpeg\" \/>\n<meta name=\"twitter:card\" content=\"summary_large_image\" \/>\n<meta name=\"twitter:label1\" content=\"Gesch\u00e4tzte Lesezeit\" \/>\n\t<meta name=\"twitter:data1\" content=\"1\u00a0Minute\" \/>\n<script type=\"application\/ld+json\" class=\"yoast-schema-graph\">{\"@context\":\"https:\/\/schema.org\",\"@graph\":[{\"@type\":\"WebPage\",\"@id\":\"https:\/\/stepanservice.climax.cz\/de\/das-programm-neues-gruen-fuer-einsparungen\/\",\"url\":\"https:\/\/stepanservice.climax.cz\/de\/das-programm-neues-gruen-fuer-einsparungen\/\",\"name\":\"Das Programm \u201eNeues Gr\u00fcn f\u00fcr Einsparungen\u201c - Stepan service\",\"isPartOf\":{\"@id\":\"https:\/\/stepanservice.climax.cz\/de\/#website\"},\"primaryImageOfPage\":{\"@id\":\"https:\/\/stepanservice.climax.cz\/de\/das-programm-neues-gruen-fuer-einsparungen\/#primaryimage\"},\"image\":{\"@id\":\"https:\/\/stepanservice.climax.cz\/de\/das-programm-neues-gruen-fuer-einsparungen\/#primaryimage\"},\"thumbnailUrl\":\"https:\/\/www.servisclimax.at\/wp-content\/uploads\/sites\/35\/2025\/01\/1666356957_c-80-2020-09-bravest-m-17-1.jpg\",\"datePublished\":\"2025-06-06T07:20:04+00:00\",\"dateModified\":\"2025-11-14T13:58:38+00:00\",\"breadcrumb\":{\"@id\":\"https:\/\/stepanservice.climax.cz\/de\/das-programm-neues-gruen-fuer-einsparungen\/#breadcrumb\"},\"inLanguage\":\"de\",\"potentialAction\":[{\"@type\":\"ReadAction\",\"target\":[\"https:\/\/stepanservice.climax.cz\/de\/das-programm-neues-gruen-fuer-einsparungen\/\"]}]},{\"@type\":\"ImageObject\",\"inLanguage\":\"de\",\"@id\":\"https:\/\/stepanservice.climax.cz\/de\/das-programm-neues-gruen-fuer-einsparungen\/#primaryimage\",\"url\":\"https:\/\/www.servisclimax.at\/wp-content\/uploads\/sites\/35\/2025\/01\/1666356957_c-80-2020-09-bravest-m-17-1.jpg\",\"contentUrl\":\"https:\/\/www.servisclimax.at\/wp-content\/uploads\/sites\/35\/2025\/01\/1666356957_c-80-2020-09-bravest-m-17-1.jpg\",\"width\":1000,\"height\":667},{\"@type\":\"BreadcrumbList\",\"@id\":\"https:\/\/stepanservice.climax.cz\/de\/das-programm-neues-gruen-fuer-einsparungen\/#breadcrumb\",\"itemListElement\":[{\"@type\":\"ListItem\",\"position\":1,\"name\":\"Dom\u016f\",\"item\":\"https:\/\/stepanservice.climax.cz\/de\/startseite\/\"},{\"@type\":\"ListItem\",\"position\":2,\"name\":\"Das Programm \u201eNeues Gr\u00fcn f\u00fcr Einsparungen\u201c\"}]},{\"@type\":\"WebSite\",\"@id\":\"https:\/\/stepanservice.climax.cz\/de\/#website\",\"url\":\"https:\/\/stepanservice.climax.cz\/de\/\",\"name\":\"Stepan service\",\"description\":\"\",\"potentialAction\":[{\"@type\":\"SearchAction\",\"target\":{\"@type\":\"EntryPoint\",\"urlTemplate\":\"https:\/\/stepanservice.climax.cz\/de\/?s={search_term_string}\"},\"query-input\":{\"@type\":\"PropertyValueSpecification\",\"valueRequired\":true,\"valueName\":\"search_term_string\"}}],\"inLanguage\":\"de\"}]}<\/script>\n<!-- \/ Yoast SEO Premium plugin. -->","yoast_head_json":{"title":"Das Programm \u201eNeues Gr\u00fcn f\u00fcr Einsparungen\u201c - Stepan service","robots":{"index":"index","follow":"follow","max-snippet":"max-snippet:-1","max-image-preview":"max-image-preview:large","max-video-preview":"max-video-preview:-1"},"canonical":"https:\/\/stepanservice.climax.cz\/de\/das-programm-neues-gruen-fuer-einsparungen\/","og_locale":"de_DE","og_type":"article","og_title":"Das Programm \u201eNeues Gr\u00fcn f\u00fcr Einsparungen\u201c","og_url":"https:\/\/stepanservice.climax.cz\/de\/das-programm-neues-gruen-fuer-einsparungen\/","og_site_name":"Stepan service","article_modified_time":"2025-11-14T13:58:38+00:00","og_image":[{"width":1000,"height":667,"url":"https:\/\/www.climax.cz\/wp-content\/uploads\/sites\/35\/2025\/01\/1666356957_c-80-2020-09-bravest-m-17-1.jpg","type":"image\/jpeg"}],"twitter_card":"summary_large_image","twitter_misc":{"Gesch\u00e4tzte Lesezeit":"1\u00a0Minute"},"schema":{"@context":"https:\/\/schema.org","@graph":[{"@type":"WebPage","@id":"https:\/\/stepanservice.climax.cz\/de\/das-programm-neues-gruen-fuer-einsparungen\/","url":"https:\/\/stepanservice.climax.cz\/de\/das-programm-neues-gruen-fuer-einsparungen\/","name":"Das Programm \u201eNeues Gr\u00fcn f\u00fcr Einsparungen\u201c - Stepan service","isPartOf":{"@id":"https:\/\/stepanservice.climax.cz\/de\/#website"},"primaryImageOfPage":{"@id":"https:\/\/stepanservice.climax.cz\/de\/das-programm-neues-gruen-fuer-einsparungen\/#primaryimage"},"image":{"@id":"https:\/\/stepanservice.climax.cz\/de\/das-programm-neues-gruen-fuer-einsparungen\/#primaryimage"},"thumbnailUrl":"https:\/\/www.servisclimax.at\/wp-content\/uploads\/sites\/35\/2025\/01\/1666356957_c-80-2020-09-bravest-m-17-1.jpg","datePublished":"2025-06-06T07:20:04+00:00","dateModified":"2025-11-14T13:58:38+00:00","breadcrumb":{"@id":"https:\/\/stepanservice.climax.cz\/de\/das-programm-neues-gruen-fuer-einsparungen\/#breadcrumb"},"inLanguage":"de","potentialAction":[{"@type":"ReadAction","target":["https:\/\/stepanservice.climax.cz\/de\/das-programm-neues-gruen-fuer-einsparungen\/"]}]},{"@type":"ImageObject","inLanguage":"de","@id":"https:\/\/stepanservice.climax.cz\/de\/das-programm-neues-gruen-fuer-einsparungen\/#primaryimage","url":"https:\/\/www.servisclimax.at\/wp-content\/uploads\/sites\/35\/2025\/01\/1666356957_c-80-2020-09-bravest-m-17-1.jpg","contentUrl":"https:\/\/www.servisclimax.at\/wp-content\/uploads\/sites\/35\/2025\/01\/1666356957_c-80-2020-09-bravest-m-17-1.jpg","width":1000,"height":667},{"@type":"BreadcrumbList","@id":"https:\/\/stepanservice.climax.cz\/de\/das-programm-neues-gruen-fuer-einsparungen\/#breadcrumb","itemListElement":[{"@type":"ListItem","position":1,"name":"Dom\u016f","item":"https:\/\/stepanservice.climax.cz\/de\/startseite\/"},{"@type":"ListItem","position":2,"name":"Das Programm \u201eNeues Gr\u00fcn f\u00fcr Einsparungen\u201c"}]},{"@type":"WebSite","@id":"https:\/\/stepanservice.climax.cz\/de\/#website","url":"https:\/\/stepanservice.climax.cz\/de\/","name":"Stepan service","description":"","potentialAction":[{"@type":"SearchAction","target":{"@type":"EntryPoint","urlTemplate":"https:\/\/stepanservice.climax.cz\/de\/?s={search_term_string}"},"query-input":{"@type":"PropertyValueSpecification","valueRequired":true,"valueName":"search_term_string"}}],"inLanguage":"de"}]}},"_links":{"self":[{"href":"https:\/\/stepanservice.climax.cz\/de\/wp-json\/wp\/v2\/pages\/21099","targetHints":{"allow":["GET"]}}],"collection":[{"href":"https:\/\/stepanservice.climax.cz\/de\/wp-json\/wp\/v2\/pages"}],"about":[{"href":"https:\/\/stepanservice.climax.cz\/de\/wp-json\/wp\/v2\/types\/page"}],"author":[{"embeddable":true,"href":"https:\/\/stepanservice.climax.cz\/de\/wp-json\/wp\/v2\/users\/5"}],"replies":[{"embeddable":true,"href":"https:\/\/stepanservice.climax.cz\/de\/wp-json\/wp\/v2\/comments?post=21099"}],"version-history":[{"count":7,"href":"https:\/\/stepanservice.climax.cz\/de\/wp-json\/wp\/v2\/pages\/21099\/revisions"}],"predecessor-version":[{"id":21389,"href":"https:\/\/stepanservice.climax.cz\/de\/wp-json\/wp\/v2\/pages\/21099\/revisions\/21389"}],"wp:featuredmedia":[{"embeddable":true,"href":"https:\/\/stepanservice.climax.cz\/de\/wp-json\/wp\/v2\/media\/20947"}],"wp:attachment":[{"href":"https:\/\/stepanservice.climax.cz\/de\/wp-json\/wp\/v2\/media?parent=21099"}],"curies":[{"name":"wp","href":"https:\/\/api.w.org\/{rel}","templated":true}]}}