{"id":21109,"date":"2025-06-06T08:27:19","date_gmt":"2025-06-06T06:27:19","guid":{"rendered":"https:\/\/stepanservice.climax.cz\/climax-mobile-ar-app\/"},"modified":"2025-11-24T14:55:46","modified_gmt":"2025-11-24T13:55:46","slug":"climax-mobile-ar-app","status":"publish","type":"page","link":"https:\/\/stepanservice.climax.cz\/de\/climax-mobile-ar-app\/","title":{"rendered":"CLIMAX Mobile AR-App"},"content":{"rendered":"\n<\/div><\/div>\n\n<div class=\"content-section \">\n\t<div class=\"container container--lg\">\n\n\n\t\t<div class=\"row\">\n\t\t\t<div class=\"col-md-5 content-section__content\">\n\t\t\t\t<h2 class=\"text-start\">Reale Lichtverh\u00e4ltnisse<\/h2>\n\t\t\t\t\n<p>Dank der AR-Technologie in der App k\u00f6nnen Sie realistische Lichtverh\u00e4ltnisse je nach Tageszeit und Jahreszeit simulieren. So l\u00e4sst sich visualisieren, wie effektiv die Beschattung zu verschiedenen Tageszeiten ist. Dies ist besonders hilfreich bei der Planung der Platzierung von Pergolen oder Markisen auf Terrassen mit starker Sonneneinstrahlung.<\/p>\n\t\t\t<\/div>\n\t\t\t<div class=\"col-md-7\">\n\t\t\t\t\t\t\t\t<img\n\t\t\t\t\tclass=\"img-responsive lazyload\"\n\t\t\t\t\tdata-src=\"https:\/\/www.servisclimax.at\/wp-content\/uploads\/sites\/35\/2025\/06\/Venkovni-zaluzie-od-CLIMAXu-integrovane-do-inteligentni-domacnosti-ovladate-odkudkoli-pres-mobilni-telefon.jpeg\"\n\t\t\t\t\talt=\"\"\n\t\t\t\t src=\"data:image\/svg+xml;base64,PHN2ZyB3aWR0aD0iMSIgaGVpZ2h0PSIxIiB4bWxucz0iaHR0cDovL3d3dy53My5vcmcvMjAwMC9zdmciPjwvc3ZnPg==\" style=\"--smush-placeholder-width: 1920px; --smush-placeholder-aspect-ratio: 1920\/1281;\" \/>\n\t\t\t\t\t\t\t<\/div>\n\t\t<\/div>\n\t<\/div>\n<\/div>\n\n\n<div\n\tstyle=\"background-image:inherit\"\n\tclass=\"text-block-bg lazyload\" data-bg-image=\"url(&#039;https:\/\/www.servisclimax.at\/wp-content\/uploads\/sites\/35\/2025\/06\/apka-orez.jpg&#039;)\">\n\t<div class=\"container container--lg\">\n\n\t\t<h2>Planen Sie, Schattierungen zu verwenden? Probieren Sie es jetzt aus!<\/h2>\n\t\t\n\r\n    <div class='button-aplikace'>\r\n    <a href='' class='button-aplikace__item button-aplikace__item--as'><\/a>\r\n    <a href='' class='button-aplikace__item button-aplikace__item--gp'><\/a>\r\n    <\/div>\r\n    \n\t<\/div>\n\n<\/div>\n\n\n\n<div class=\"content-section content-section--2\">\n\t<div class=\"container container--lg\">\n\n\n\t\t<div class=\"row\">\n\t\t\t<div class=\"col-md-5 content-section__content\">\n\t\t\t\t<h2 class=\"text-start\">Planung und Entscheidungsfindung<\/h2>\n\t\t\t\t\n<p>Sie k\u00f6nnen aus einer Vielzahl von Farben f\u00fcr die Gestelle, Lamellen und Stoffe w\u00e4hlen, um Ihre Beschattung farblich an die Fassade Ihres Hauses anzupassen. Probieren Sie aus, welche Farben am besten zu Ihrem Haus passen.<\/p>\n\t\t\t<\/div>\n\t\t\t<div class=\"col-md-7\">\n\t\t\t\t\t\t\t\t<img\n\t\t\t\t\tclass=\"img-responsive lazyload\"\n\t\t\t\t\tdata-src=\"https:\/\/www.servisclimax.at\/wp-content\/uploads\/sites\/35\/2025\/06\/Cover-foto-denik.cz-2.jpg\"\n\t\t\t\t\talt=\"\"\n\t\t\t\t src=\"data:image\/svg+xml;base64,PHN2ZyB3aWR0aD0iMSIgaGVpZ2h0PSIxIiB4bWxucz0iaHR0cDovL3d3dy53My5vcmcvMjAwMC9zdmciPjwvc3ZnPg==\" style=\"--smush-placeholder-width: 900px; --smush-placeholder-aspect-ratio: 900\/600;\" \/>\n\t\t\t\t\t\t\t<\/div>\n\t\t<\/div>\n\t<\/div>\n<\/div>\n\n\n<div class=\"content-section \">\n\t<div class=\"container container--lg\">\n\n\n\t\t<div class=\"row\">\n\t\t\t<div class=\"col-md-5 content-section__content\">\n\t\t\t\t<h2 class=\"text-start\">Ideal f\u00fcr alle, die ihr Zuhause renovieren oder neu gestalten<\/h2>\n\t\t\t\t\n<p>Die Anwendung eignet sich ideal f\u00fcr alle, die sich vor dem Kauf ein genaues Bild davon machen m\u00f6chten, wie die Beschattung in ihrem Zuhause aussehen wird. Auch f\u00fcr Designer und Architekten ist sie eine gro\u00dfe Hilfe, um ihren Kunden vor der eigentlichen Umsetzung eine visuelle Vorschau der vorgeschlagenen L\u00f6sungen zu bieten.<\/p>\n\t\t\t<\/div>\n\t\t\t<div class=\"col-md-7\">\n\t\t\t\t\t\t\t\t<img\n\t\t\t\t\tclass=\"img-responsive lazyload\"\n\t\t\t\t\tdata-src=\"https:\/\/www.servisclimax.at\/wp-content\/uploads\/sites\/35\/2025\/06\/Moje-oblibene-scaled.jpg\"\n\t\t\t\t\talt=\"\"\n\t\t\t\t src=\"data:image\/svg+xml;base64,PHN2ZyB3aWR0aD0iMSIgaGVpZ2h0PSIxIiB4bWxucz0iaHR0cDovL3d3dy53My5vcmcvMjAwMC9zdmciPjwvc3ZnPg==\" style=\"--smush-placeholder-width: 2560px; --smush-placeholder-aspect-ratio: 2560\/1707;\" \/>\n\t\t\t\t\t\t\t<\/div>\n\t\t<\/div>\n\t<\/div>\n<\/div>\n\n\n<div\n\tstyle=\"background-image:inherit\"\n\tclass=\"text-block-bg lazyload\" data-bg-image=\"url(&#039;https:\/\/www.servisclimax.at\/wp-content\/uploads\/sites\/35\/2025\/06\/AR-Climax_1200x628.jpg&#039;)\">\n\t<div class=\"container container--lg\">\n\n\t\t<h2>Lade die App herunter und w\u00e4hle den besten Farbton!<\/h2>\n\t\t\n\r\n    <div class='button-aplikace'>\r\n    <a href='' class='button-aplikace__item button-aplikace__item--as'><\/a>\r\n    <a href='' class='button-aplikace__item button-aplikace__item--gp'><\/a>\r\n    <\/div>\r\n    \n\t<\/div>\n\n<\/div>\n\n<div>\n\t<div class=\"container\">\n","protected":false},"excerpt":{"rendered":"<p>Installieren Sie die Beschattung virtuell auf Ihr Haus mit unserer App und entscheiden Sie sich erst danach, welche Sie w\u00e4hlen m\u00f6chten. [Schaltfl\u00e4che_f\u00fcr_App]<\/p>\n","protected":false},"author":5,"featured_media":21114,"parent":0,"menu_order":0,"comment_status":"closed","ping_status":"closed","template":"content-aplikace.php","meta":{"_acf_changed":false,"inline_featured_image":false,"footnotes":""},"class_list":["post-21109","page","type-page","status-publish","has-post-thumbnail","hentry"],"acf":[],"yoast_head":"<!-- This site is optimized with the Yoast SEO Premium plugin v25.8 (Yoast SEO v27.2) - https:\/\/yoast.com\/product\/yoast-seo-premium-wordpress\/ -->\n<title>CLIMAX Mobile AR-App - Stepan service<\/title>\n<meta name=\"robots\" content=\"index, follow, max-snippet:-1, max-image-preview:large, max-video-preview:-1\" \/>\n<link rel=\"canonical\" href=\"https:\/\/stepanservice.climax.cz\/de\/climax-mobile-ar-app\/\" \/>\n<meta property=\"og:locale\" content=\"de_DE\" \/>\n<meta property=\"og:type\" content=\"article\" \/>\n<meta property=\"og:title\" content=\"CLIMAX Mobile AR-App\" \/>\n<meta property=\"og:description\" content=\"Installieren Sie die Beschattung virtuell auf Ihr Haus mit unserer App und entscheiden Sie sich erst danach, welche Sie w\u00e4hlen m\u00f6chten. [Schaltfl\u00e4che_f\u00fcr_App]\" \/>\n<meta property=\"og:url\" content=\"https:\/\/stepanservice.climax.cz\/de\/climax-mobile-ar-app\/\" \/>\n<meta property=\"og:site_name\" content=\"Stepan service\" \/>\n<meta property=\"article:modified_time\" content=\"2025-11-24T13:55:46+00:00\" \/>\n<meta property=\"og:image\" content=\"https:\/\/www.servisclimax.at\/wp-content\/uploads\/sites\/35\/2025\/06\/Moderne-technologie-od-CLIMAXu-vam-zarucia-pohodlie-bez-nedmerneho-tepla.jpg\" \/>\n\t<meta property=\"og:image:width\" content=\"1200\" \/>\n\t<meta property=\"og:image:height\" content=\"800\" \/>\n\t<meta property=\"og:image:type\" content=\"image\/jpeg\" \/>\n<meta name=\"twitter:card\" content=\"summary_large_image\" \/>\n<meta name=\"twitter:label1\" content=\"Gesch\u00e4tzte Lesezeit\" \/>\n\t<meta name=\"twitter:data1\" content=\"2\u00a0Minuten\" \/>\n<script type=\"application\/ld+json\" class=\"yoast-schema-graph\">{\"@context\":\"https:\/\/schema.org\",\"@graph\":[{\"@type\":\"WebPage\",\"@id\":\"https:\/\/stepanservice.climax.cz\/de\/climax-mobile-ar-app\/\",\"url\":\"https:\/\/stepanservice.climax.cz\/de\/climax-mobile-ar-app\/\",\"name\":\"CLIMAX Mobile AR-App - Stepan service\",\"isPartOf\":{\"@id\":\"https:\/\/stepanservice.climax.cz\/de\/#website\"},\"primaryImageOfPage\":{\"@id\":\"https:\/\/stepanservice.climax.cz\/de\/climax-mobile-ar-app\/#primaryimage\"},\"image\":{\"@id\":\"https:\/\/stepanservice.climax.cz\/de\/climax-mobile-ar-app\/#primaryimage\"},\"thumbnailUrl\":\"https:\/\/www.servisclimax.at\/wp-content\/uploads\/sites\/35\/2025\/06\/Moderne-technologie-od-CLIMAXu-vam-zarucia-pohodlie-bez-nedmerneho-tepla.jpg\",\"datePublished\":\"2025-06-06T06:27:19+00:00\",\"dateModified\":\"2025-11-24T13:55:46+00:00\",\"breadcrumb\":{\"@id\":\"https:\/\/stepanservice.climax.cz\/de\/climax-mobile-ar-app\/#breadcrumb\"},\"inLanguage\":\"de\",\"potentialAction\":[{\"@type\":\"ReadAction\",\"target\":[\"https:\/\/stepanservice.climax.cz\/de\/climax-mobile-ar-app\/\"]}]},{\"@type\":\"ImageObject\",\"inLanguage\":\"de\",\"@id\":\"https:\/\/stepanservice.climax.cz\/de\/climax-mobile-ar-app\/#primaryimage\",\"url\":\"https:\/\/www.servisclimax.at\/wp-content\/uploads\/sites\/35\/2025\/06\/Moderne-technologie-od-CLIMAXu-vam-zarucia-pohodlie-bez-nedmerneho-tepla.jpg\",\"contentUrl\":\"https:\/\/www.servisclimax.at\/wp-content\/uploads\/sites\/35\/2025\/06\/Moderne-technologie-od-CLIMAXu-vam-zarucia-pohodlie-bez-nedmerneho-tepla.jpg\",\"width\":1200,\"height\":800},{\"@type\":\"BreadcrumbList\",\"@id\":\"https:\/\/stepanservice.climax.cz\/de\/climax-mobile-ar-app\/#breadcrumb\",\"itemListElement\":[{\"@type\":\"ListItem\",\"position\":1,\"name\":\"Dom\u016f\",\"item\":\"https:\/\/stepanservice.climax.cz\/de\/startseite\/\"},{\"@type\":\"ListItem\",\"position\":2,\"name\":\"CLIMAX Mobile AR-App\"}]},{\"@type\":\"WebSite\",\"@id\":\"https:\/\/stepanservice.climax.cz\/de\/#website\",\"url\":\"https:\/\/stepanservice.climax.cz\/de\/\",\"name\":\"Stepan service\",\"description\":\"\",\"potentialAction\":[{\"@type\":\"SearchAction\",\"target\":{\"@type\":\"EntryPoint\",\"urlTemplate\":\"https:\/\/stepanservice.climax.cz\/de\/?s={search_term_string}\"},\"query-input\":{\"@type\":\"PropertyValueSpecification\",\"valueRequired\":true,\"valueName\":\"search_term_string\"}}],\"inLanguage\":\"de\"}]}<\/script>\n<!-- \/ Yoast SEO Premium plugin. -->","yoast_head_json":{"title":"CLIMAX Mobile AR-App - Stepan service","robots":{"index":"index","follow":"follow","max-snippet":"max-snippet:-1","max-image-preview":"max-image-preview:large","max-video-preview":"max-video-preview:-1"},"canonical":"https:\/\/stepanservice.climax.cz\/de\/climax-mobile-ar-app\/","og_locale":"de_DE","og_type":"article","og_title":"CLIMAX Mobile AR-App","og_description":"Installieren Sie die Beschattung virtuell auf Ihr Haus mit unserer App und entscheiden Sie sich erst danach, welche Sie w\u00e4hlen m\u00f6chten. [Schaltfl\u00e4che_f\u00fcr_App]","og_url":"https:\/\/stepanservice.climax.cz\/de\/climax-mobile-ar-app\/","og_site_name":"Stepan service","article_modified_time":"2025-11-24T13:55:46+00:00","og_image":[{"width":1200,"height":800,"url":"https:\/\/www.servisclimax.at\/wp-content\/uploads\/sites\/35\/2025\/06\/Moderne-technologie-od-CLIMAXu-vam-zarucia-pohodlie-bez-nedmerneho-tepla.jpg","type":"image\/jpeg"}],"twitter_card":"summary_large_image","twitter_misc":{"Gesch\u00e4tzte Lesezeit":"2\u00a0Minuten"},"schema":{"@context":"https:\/\/schema.org","@graph":[{"@type":"WebPage","@id":"https:\/\/stepanservice.climax.cz\/de\/climax-mobile-ar-app\/","url":"https:\/\/stepanservice.climax.cz\/de\/climax-mobile-ar-app\/","name":"CLIMAX Mobile AR-App - Stepan service","isPartOf":{"@id":"https:\/\/stepanservice.climax.cz\/de\/#website"},"primaryImageOfPage":{"@id":"https:\/\/stepanservice.climax.cz\/de\/climax-mobile-ar-app\/#primaryimage"},"image":{"@id":"https:\/\/stepanservice.climax.cz\/de\/climax-mobile-ar-app\/#primaryimage"},"thumbnailUrl":"https:\/\/www.servisclimax.at\/wp-content\/uploads\/sites\/35\/2025\/06\/Moderne-technologie-od-CLIMAXu-vam-zarucia-pohodlie-bez-nedmerneho-tepla.jpg","datePublished":"2025-06-06T06:27:19+00:00","dateModified":"2025-11-24T13:55:46+00:00","breadcrumb":{"@id":"https:\/\/stepanservice.climax.cz\/de\/climax-mobile-ar-app\/#breadcrumb"},"inLanguage":"de","potentialAction":[{"@type":"ReadAction","target":["https:\/\/stepanservice.climax.cz\/de\/climax-mobile-ar-app\/"]}]},{"@type":"ImageObject","inLanguage":"de","@id":"https:\/\/stepanservice.climax.cz\/de\/climax-mobile-ar-app\/#primaryimage","url":"https:\/\/www.servisclimax.at\/wp-content\/uploads\/sites\/35\/2025\/06\/Moderne-technologie-od-CLIMAXu-vam-zarucia-pohodlie-bez-nedmerneho-tepla.jpg","contentUrl":"https:\/\/www.servisclimax.at\/wp-content\/uploads\/sites\/35\/2025\/06\/Moderne-technologie-od-CLIMAXu-vam-zarucia-pohodlie-bez-nedmerneho-tepla.jpg","width":1200,"height":800},{"@type":"BreadcrumbList","@id":"https:\/\/stepanservice.climax.cz\/de\/climax-mobile-ar-app\/#breadcrumb","itemListElement":[{"@type":"ListItem","position":1,"name":"Dom\u016f","item":"https:\/\/stepanservice.climax.cz\/de\/startseite\/"},{"@type":"ListItem","position":2,"name":"CLIMAX Mobile AR-App"}]},{"@type":"WebSite","@id":"https:\/\/stepanservice.climax.cz\/de\/#website","url":"https:\/\/stepanservice.climax.cz\/de\/","name":"Stepan service","description":"","potentialAction":[{"@type":"SearchAction","target":{"@type":"EntryPoint","urlTemplate":"https:\/\/stepanservice.climax.cz\/de\/?s={search_term_string}"},"query-input":{"@type":"PropertyValueSpecification","valueRequired":true,"valueName":"search_term_string"}}],"inLanguage":"de"}]}},"_links":{"self":[{"href":"https:\/\/stepanservice.climax.cz\/de\/wp-json\/wp\/v2\/pages\/21109","targetHints":{"allow":["GET"]}}],"collection":[{"href":"https:\/\/stepanservice.climax.cz\/de\/wp-json\/wp\/v2\/pages"}],"about":[{"href":"https:\/\/stepanservice.climax.cz\/de\/wp-json\/wp\/v2\/types\/page"}],"author":[{"embeddable":true,"href":"https:\/\/stepanservice.climax.cz\/de\/wp-json\/wp\/v2\/users\/5"}],"replies":[{"embeddable":true,"href":"https:\/\/stepanservice.climax.cz\/de\/wp-json\/wp\/v2\/comments?post=21109"}],"version-history":[{"count":8,"href":"https:\/\/stepanservice.climax.cz\/de\/wp-json\/wp\/v2\/pages\/21109\/revisions"}],"predecessor-version":[{"id":21439,"href":"https:\/\/stepanservice.climax.cz\/de\/wp-json\/wp\/v2\/pages\/21109\/revisions\/21439"}],"wp:featuredmedia":[{"embeddable":true,"href":"https:\/\/stepanservice.climax.cz\/de\/wp-json\/wp\/v2\/media\/21114"}],"wp:attachment":[{"href":"https:\/\/stepanservice.climax.cz\/de\/wp-json\/wp\/v2\/media?parent=21109"}],"curies":[{"name":"wp","href":"https:\/\/api.w.org\/{rel}","templated":true}]}}