{"id":21231,"date":"2025-01-13T15:09:12","date_gmt":"2025-01-13T14:09:12","guid":{"rendered":"https:\/\/stepanservice.climax.cz\/ueber-uns\/"},"modified":"2025-11-24T15:48:36","modified_gmt":"2025-11-24T14:48:36","slug":"ueber-uns","status":"publish","type":"page","link":"https:\/\/stepanservice.climax.cz\/de\/ueber-uns\/","title":{"rendered":"\u00dcber uns"},"content":{"rendered":"\n<p>Wir sind ein 2010 gegr\u00fcndetes Unternehmen und spezialisiert auf die Komplettlieferung von Fenstern und T\u00fcren aus Kunststoff, Holz und Aluminium sowie auf Sonnenschutztechnik. Unser eingespieltes Team blickt auf langj\u00e4hrige Erfahrung in diesem Bereich zur\u00fcck.<\/p>\n\n\n\n<p>F\u00fcr eine harmonische Kombination aus Funktionalit\u00e4t und Optik empfehlen wir Ihnen, bereits in der Projektplanungsphase Sonnenschutzl\u00f6sungen wie Au\u00dfenjalousien, Au\u00dfenrollos, Insektenschutzrollos oder Aluminiumpergolen in Verbindung mit Ihren Fenstern zu w\u00e4hlen. Kontaktieren Sie uns rechtzeitig, um Komplikationen bei der sp\u00e4teren Umsetzung zu vermeiden.<\/p>\n\n\n\n<p>Wir bieten Ihnen einen Komplettservice inklusive Aufma\u00df, Transport und Montage durch unsere professionell geschulten Mitarbeiter. Die Qualit\u00e4t unserer Produkte und unserer Arbeit hat f\u00fcr uns h\u00f6chste Priorit\u00e4t.<\/p>\n\n\n\n<p>Besuchen Sie unseren Musterladen in Doma\u017elice.<\/p>\n","protected":false},"excerpt":{"rendered":"<p>Wir sind ein 2010 gegr\u00fcndetes Unternehmen und spezialisiert auf die Komplettlieferung von Fenstern und T\u00fcren aus Kunststoff, Holz und Aluminium sowie auf Sonnenschutztechnik. Unser eingespieltes Team blickt auf langj\u00e4hrige Erfahrung in diesem Bereich zur\u00fcck. F\u00fcr eine harmonische Kombination aus Funktionalit\u00e4t und Optik empfehlen wir Ihnen, bereits in der Projektplanungsphase Sonnenschutzl\u00f6sungen wie Au\u00dfenjalousien, Au\u00dfenrollos, Insektenschutzrollos oder [&hellip;]<\/p>\n","protected":false},"author":5,"featured_media":21307,"parent":0,"menu_order":0,"comment_status":"closed","ping_status":"closed","template":"","meta":{"_acf_changed":false,"inline_featured_image":false,"footnotes":""},"class_list":["post-21231","page","type-page","status-publish","has-post-thumbnail","hentry"],"acf":[],"yoast_head":"<!-- This site is optimized with the Yoast SEO Premium plugin v25.8 (Yoast SEO v27.2) - https:\/\/yoast.com\/product\/yoast-seo-premium-wordpress\/ -->\n<title>\u00dcber uns - Stepan service<\/title>\n<meta name=\"robots\" content=\"index, follow, max-snippet:-1, max-image-preview:large, max-video-preview:-1\" \/>\n<link rel=\"canonical\" href=\"https:\/\/stepanservice.climax.cz\/de\/ueber-uns\/\" \/>\n<meta property=\"og:locale\" content=\"de_DE\" \/>\n<meta property=\"og:type\" content=\"article\" \/>\n<meta property=\"og:title\" content=\"\u00dcber uns\" \/>\n<meta property=\"og:description\" content=\"Wir sind ein 2010 gegr\u00fcndetes Unternehmen und spezialisiert auf die Komplettlieferung von Fenstern und T\u00fcren aus Kunststoff, Holz und Aluminium sowie auf Sonnenschutztechnik. Unser eingespieltes Team blickt auf langj\u00e4hrige Erfahrung in diesem Bereich zur\u00fcck. F\u00fcr eine harmonische Kombination aus Funktionalit\u00e4t und Optik empfehlen wir Ihnen, bereits in der Projektplanungsphase Sonnenschutzl\u00f6sungen wie Au\u00dfenjalousien, Au\u00dfenrollos, Insektenschutzrollos oder [&hellip;]\" \/>\n<meta property=\"og:url\" content=\"https:\/\/stepanservice.climax.cz\/de\/ueber-uns\/\" \/>\n<meta property=\"og:site_name\" content=\"Stepan service\" \/>\n<meta property=\"article:modified_time\" content=\"2025-11-24T14:48:36+00:00\" \/>\n<meta property=\"og:image\" content=\"https:\/\/www.servisclimax.at\/wp-content\/uploads\/sites\/35\/2025\/08\/Stepan-1.jpg\" \/>\n\t<meta property=\"og:image:width\" content=\"1920\" \/>\n\t<meta property=\"og:image:height\" content=\"600\" \/>\n\t<meta property=\"og:image:type\" content=\"image\/jpeg\" \/>\n<meta name=\"twitter:card\" content=\"summary_large_image\" \/>\n<meta name=\"twitter:label1\" content=\"Gesch\u00e4tzte Lesezeit\" \/>\n\t<meta name=\"twitter:data1\" content=\"1\u00a0Minute\" \/>\n<script type=\"application\/ld+json\" class=\"yoast-schema-graph\">{\"@context\":\"https:\/\/schema.org\",\"@graph\":[{\"@type\":\"WebPage\",\"@id\":\"https:\/\/stepanservice.climax.cz\/de\/ueber-uns\/\",\"url\":\"https:\/\/stepanservice.climax.cz\/de\/ueber-uns\/\",\"name\":\"\u00dcber uns - Stepan service\",\"isPartOf\":{\"@id\":\"https:\/\/stepanservice.climax.cz\/de\/#website\"},\"primaryImageOfPage\":{\"@id\":\"https:\/\/stepanservice.climax.cz\/de\/ueber-uns\/#primaryimage\"},\"image\":{\"@id\":\"https:\/\/stepanservice.climax.cz\/de\/ueber-uns\/#primaryimage\"},\"thumbnailUrl\":\"https:\/\/www.servisclimax.at\/wp-content\/uploads\/sites\/35\/2025\/08\/Stepan-1.jpg\",\"datePublished\":\"2025-01-13T14:09:12+00:00\",\"dateModified\":\"2025-11-24T14:48:36+00:00\",\"breadcrumb\":{\"@id\":\"https:\/\/stepanservice.climax.cz\/de\/ueber-uns\/#breadcrumb\"},\"inLanguage\":\"de\",\"potentialAction\":[{\"@type\":\"ReadAction\",\"target\":[\"https:\/\/stepanservice.climax.cz\/de\/ueber-uns\/\"]}]},{\"@type\":\"ImageObject\",\"inLanguage\":\"de\",\"@id\":\"https:\/\/stepanservice.climax.cz\/de\/ueber-uns\/#primaryimage\",\"url\":\"https:\/\/www.servisclimax.at\/wp-content\/uploads\/sites\/35\/2025\/08\/Stepan-1.jpg\",\"contentUrl\":\"https:\/\/www.servisclimax.at\/wp-content\/uploads\/sites\/35\/2025\/08\/Stepan-1.jpg\",\"width\":1920,\"height\":600},{\"@type\":\"BreadcrumbList\",\"@id\":\"https:\/\/stepanservice.climax.cz\/de\/ueber-uns\/#breadcrumb\",\"itemListElement\":[{\"@type\":\"ListItem\",\"position\":1,\"name\":\"Dom\u016f\",\"item\":\"https:\/\/stepanservice.climax.cz\/de\/startseite\/\"},{\"@type\":\"ListItem\",\"position\":2,\"name\":\"\u00dcber uns\"}]},{\"@type\":\"WebSite\",\"@id\":\"https:\/\/stepanservice.climax.cz\/de\/#website\",\"url\":\"https:\/\/stepanservice.climax.cz\/de\/\",\"name\":\"Stepan service\",\"description\":\"\",\"potentialAction\":[{\"@type\":\"SearchAction\",\"target\":{\"@type\":\"EntryPoint\",\"urlTemplate\":\"https:\/\/stepanservice.climax.cz\/de\/?s={search_term_string}\"},\"query-input\":{\"@type\":\"PropertyValueSpecification\",\"valueRequired\":true,\"valueName\":\"search_term_string\"}}],\"inLanguage\":\"de\"}]}<\/script>\n<!-- \/ Yoast SEO Premium plugin. -->","yoast_head_json":{"title":"\u00dcber uns - Stepan service","robots":{"index":"index","follow":"follow","max-snippet":"max-snippet:-1","max-image-preview":"max-image-preview:large","max-video-preview":"max-video-preview:-1"},"canonical":"https:\/\/stepanservice.climax.cz\/de\/ueber-uns\/","og_locale":"de_DE","og_type":"article","og_title":"\u00dcber uns","og_description":"Wir sind ein 2010 gegr\u00fcndetes Unternehmen und spezialisiert auf die Komplettlieferung von Fenstern und T\u00fcren aus Kunststoff, Holz und Aluminium sowie auf Sonnenschutztechnik. Unser eingespieltes Team blickt auf langj\u00e4hrige Erfahrung in diesem Bereich zur\u00fcck. F\u00fcr eine harmonische Kombination aus Funktionalit\u00e4t und Optik empfehlen wir Ihnen, bereits in der Projektplanungsphase Sonnenschutzl\u00f6sungen wie Au\u00dfenjalousien, Au\u00dfenrollos, Insektenschutzrollos oder [&hellip;]","og_url":"https:\/\/stepanservice.climax.cz\/de\/ueber-uns\/","og_site_name":"Stepan service","article_modified_time":"2025-11-24T14:48:36+00:00","og_image":[{"width":1920,"height":600,"url":"https:\/\/www.servisclimax.at\/wp-content\/uploads\/sites\/35\/2025\/08\/Stepan-1.jpg","type":"image\/jpeg"}],"twitter_card":"summary_large_image","twitter_misc":{"Gesch\u00e4tzte Lesezeit":"1\u00a0Minute"},"schema":{"@context":"https:\/\/schema.org","@graph":[{"@type":"WebPage","@id":"https:\/\/stepanservice.climax.cz\/de\/ueber-uns\/","url":"https:\/\/stepanservice.climax.cz\/de\/ueber-uns\/","name":"\u00dcber uns - Stepan service","isPartOf":{"@id":"https:\/\/stepanservice.climax.cz\/de\/#website"},"primaryImageOfPage":{"@id":"https:\/\/stepanservice.climax.cz\/de\/ueber-uns\/#primaryimage"},"image":{"@id":"https:\/\/stepanservice.climax.cz\/de\/ueber-uns\/#primaryimage"},"thumbnailUrl":"https:\/\/www.servisclimax.at\/wp-content\/uploads\/sites\/35\/2025\/08\/Stepan-1.jpg","datePublished":"2025-01-13T14:09:12+00:00","dateModified":"2025-11-24T14:48:36+00:00","breadcrumb":{"@id":"https:\/\/stepanservice.climax.cz\/de\/ueber-uns\/#breadcrumb"},"inLanguage":"de","potentialAction":[{"@type":"ReadAction","target":["https:\/\/stepanservice.climax.cz\/de\/ueber-uns\/"]}]},{"@type":"ImageObject","inLanguage":"de","@id":"https:\/\/stepanservice.climax.cz\/de\/ueber-uns\/#primaryimage","url":"https:\/\/www.servisclimax.at\/wp-content\/uploads\/sites\/35\/2025\/08\/Stepan-1.jpg","contentUrl":"https:\/\/www.servisclimax.at\/wp-content\/uploads\/sites\/35\/2025\/08\/Stepan-1.jpg","width":1920,"height":600},{"@type":"BreadcrumbList","@id":"https:\/\/stepanservice.climax.cz\/de\/ueber-uns\/#breadcrumb","itemListElement":[{"@type":"ListItem","position":1,"name":"Dom\u016f","item":"https:\/\/stepanservice.climax.cz\/de\/startseite\/"},{"@type":"ListItem","position":2,"name":"\u00dcber uns"}]},{"@type":"WebSite","@id":"https:\/\/stepanservice.climax.cz\/de\/#website","url":"https:\/\/stepanservice.climax.cz\/de\/","name":"Stepan service","description":"","potentialAction":[{"@type":"SearchAction","target":{"@type":"EntryPoint","urlTemplate":"https:\/\/stepanservice.climax.cz\/de\/?s={search_term_string}"},"query-input":{"@type":"PropertyValueSpecification","valueRequired":true,"valueName":"search_term_string"}}],"inLanguage":"de"}]}},"_links":{"self":[{"href":"https:\/\/stepanservice.climax.cz\/de\/wp-json\/wp\/v2\/pages\/21231","targetHints":{"allow":["GET"]}}],"collection":[{"href":"https:\/\/stepanservice.climax.cz\/de\/wp-json\/wp\/v2\/pages"}],"about":[{"href":"https:\/\/stepanservice.climax.cz\/de\/wp-json\/wp\/v2\/types\/page"}],"author":[{"embeddable":true,"href":"https:\/\/stepanservice.climax.cz\/de\/wp-json\/wp\/v2\/users\/5"}],"replies":[{"embeddable":true,"href":"https:\/\/stepanservice.climax.cz\/de\/wp-json\/wp\/v2\/comments?post=21231"}],"version-history":[{"count":8,"href":"https:\/\/stepanservice.climax.cz\/de\/wp-json\/wp\/v2\/pages\/21231\/revisions"}],"predecessor-version":[{"id":21567,"href":"https:\/\/stepanservice.climax.cz\/de\/wp-json\/wp\/v2\/pages\/21231\/revisions\/21567"}],"wp:featuredmedia":[{"embeddable":true,"href":"https:\/\/stepanservice.climax.cz\/de\/wp-json\/wp\/v2\/media\/21307"}],"wp:attachment":[{"href":"https:\/\/stepanservice.climax.cz\/de\/wp-json\/wp\/v2\/media?parent=21231"}],"curies":[{"name":"wp","href":"https:\/\/api.w.org\/{rel}","templated":true}]}}