{"id":21234,"date":"2025-01-04T17:40:40","date_gmt":"2025-01-04T16:40:40","guid":{"rendered":"https:\/\/stepanservice.climax.cz\/startseite\/"},"modified":"2025-11-20T20:11:12","modified_gmt":"2025-11-20T19:11:12","slug":"startseite","status":"publish","type":"page","link":"https:\/\/stepanservice.climax.cz\/de\/","title":{"rendered":"Startseite"},"content":{"rendered":"\r\n\t<\/div><\/div>\r\n\r\n\r\n\t<section class=\"home-banner\">\r\n\t\t\t\t<div class=\"home-banner__content\">\r\n\t\t\t<h1>Wir installieren Abschirmungen, <br \/>beraten Sie und bieten Serviceleistungen an.<\/h1>\r\n\t\t\t<p><\/p>\r\n\t\t\t<div class=\"home-banner__buttons\">\r\n\t\t\t\t<a href=\"https:\/\/stepanservice.climax.cz\/de\/produkte\/\" class=\"button button--l button--primary\">\r\n\t\t\t\t\tProduktangebot\t\t\t\t<\/a>\r\n\t\t\t\t<a href=\"https:\/\/stepanservice.climax.cz\/de\/kontakte\/\" class=\"button button--l button--secondary--azure\">\r\n\t\t\t\t\tKontakte\t\t\t\t<\/a>\r\n\t\t\t<\/div>\r\n\t\t<\/div>\r\n\r\n\t\t<div class=\"home-banner__view\">\r\n\t\t\t<a href=\"https:\/\/stepanservice.climax.cz\/de\/innenbesachttung\/\" class=\"home-banner__view__point home-banner__view__point--1\">\r\n\t\t\t\t<span>Innenjalousien<\/span>\r\n\t\t\t<\/a>\r\n\r\n\t\t\t<a href=\"https:\/\/stepanservice.climax.cz\/de\/markisen\/\" class=\"home-banner__view__point home-banner__view__point--2\">\r\n\t\t\t\t<span>Markisen<\/span>\r\n\t\t\t<\/a>\r\n\r\n\t\t\t<a href=\"https:\/\/stepanservice.climax.cz\/de\/stoffbeschattung\/\" class=\"home-banner__view__point home-banner__view__point--left home-banner__view__point--3\">\r\n                <span>Stoffbeschattung<\/span>\r\n\t\t\t<\/a>\r\n\t\t\t<a href=\"https:\/\/stepanservice.climax.cz\/de\/fenstermarkisen\/\" class=\"home-banner__view__point home-banner__view__point--4\">\r\n\t\t\t\t<span>Fenstermarkisen<\/span>\r\n\t\t\t<\/a>\r\n\t\t\t<a href=\"https:\/\/stepanservice.climax.cz\/de\/insektenschutzgitter\/\" class=\"home-banner__view__point home-banner__view__point--5\">\r\n\t\t\t\t<span>Insektenschutzgitter<\/span>\r\n\t\t\t<\/a>\r\n\t\t\t<a href=\"https:\/\/stepanservice.climax.cz\/de\/rolllaeden\/\" class=\"home-banner__view__point home-banner__view__point--6\">\r\n\t\t\t\t<span>Rolll\u00e4den<\/span>\r\n\t\t\t<\/a>\r\n\t\t\t<a href=\"https:\/\/stepanservice.climax.cz\/de\/pergolen\/\" class=\"home-banner__view__point home-banner__view__point--7\">\r\n                <span>Pergolen<\/span>\r\n\t\t\t<\/a>\r\n\t\t\t<a href=\"https:\/\/stepanservice.climax.cz\/de\/raffstoren\/\" class=\"home-banner__view__point home-banner__view__point--bottom home-banner__view__point--8\">\r\n\r\n\t\t\t\t<span>Raffstoren<\/span>\r\n\t\t\t<\/a>\r\n\t\t<\/div>\r\n\r\n\t<\/section>\r\n\r\n\r\n\n\n\n<section class=\"home-banner__usps\">\n\t<div class=\"container container--xl\">\n\t\t<div class=\"home-banner__usps__content\">\n\t\t\t<div class=\"container container--lg\">\n\t\t\t\t<div class=\"row\">\n\t\t\t\t\t<div class=\"col-md-6 col-lg-3\">\n\t\t\t\t\t\t<div class=\"home-banner__usps__item\">\n\t\t\t\t\t\t\t\t\t\t\t\t\t\t\t<img decoding=\"async\" data-src=\"https:\/\/www.servisclimax.at\/wp-content\/uploads\/sites\/35\/2024\/10\/ChatGPT-Image-23.-4.-2025-14_06_50.png\" width=\"32\"\n\t\t\t\t\t\t\t\t\t height=\"32\" alt=\"\u010cas\" src=\"data:image\/svg+xml;base64,PHN2ZyB3aWR0aD0iMSIgaGVpZ2h0PSIxIiB4bWxucz0iaHR0cDovL3d3dy53My5vcmcvMjAwMC9zdmciPjwvc3ZnPg==\" class=\"lazyload\" style=\"--smush-placeholder-width: 32px; --smush-placeholder-aspect-ratio: 32\/32;\" \/>\n\n\t\t\t\t\t\t\t\t\t\t\t\t\t\t<div>\n\t\t\t\t\t\t\t\tWir verf\u00fcgen \u00fcber Erfahrung.\r\nWir installieren seit vielen Jahren Beschattungstechnik.\t\t\t\t\t\t\t<\/div>\n\t\t\t\t\t\t<\/div>\n\t\t\t\t\t<\/div>\n\t\t\t\t\t<div class=\"col-md-6 col-lg-3\">\n\t\t\t\t\t\t<div class=\"home-banner__usps__item\">\n\t\t\t\t\t\t\t\t\t\t\t\t\t\t\t<img decoding=\"async\" data-src=\"https:\/\/stepanservice.climax.cz\/wp-content\/themes\/climax\/template\/src\/images\/design\/icons\/usps\/Warranty.svg\" width=\"32\"\n\t\t\t\t\t\t\t\t\t height=\"32\" alt=\"Ocenen\u00ed\" src=\"data:image\/svg+xml;base64,PHN2ZyB3aWR0aD0iMSIgaGVpZ2h0PSIxIiB4bWxucz0iaHR0cDovL3d3dy53My5vcmcvMjAwMC9zdmciPjwvc3ZnPg==\" class=\"lazyload\" style=\"--smush-placeholder-width: 32px; --smush-placeholder-aspect-ratio: 32\/32;\" \/>\n\n\t\t\t\t\t\t\t\t\t\t\t\t\t\t<div>\n\t\t\t\t\t\t\t\t<div class=\"n4sEPd\">\r\n<div class=\"QFw9Te BLojaf\"><\/div>\r\n<\/div>\r\n<div class=\"QcsUad BDJ8fb BLojaf sMVRZe hCXDsb wneUed\">\r\n<div class=\"usGWQd\">\r\n<div class=\"KkbLmb\">\r\n<div class=\"lRu31\" dir=\"ltr\"><span class=\"HwtZe\" lang=\"de\"><span class=\"jCAhz ChMk0b\"><span class=\"ryNqvb\">Premiumqualit\u00e4t <\/span><\/span><\/span><\/div>\r\n<div class=\"lRu31\" dir=\"ltr\"><span class=\"HwtZe\" lang=\"de\"><span class=\"jCAhz ChMk0b\"><span class=\"ryNqvb\">Wir garantieren sie mit 4 Jahren Garantie.<\/span><\/span><\/span><\/div>\r\n<\/div>\r\n<\/div>\r\n<\/div>\t\t\t\t\t\t\t<\/div>\n\t\t\t\t\t\t<\/div>\n\t\t\t\t\t<\/div>\n\t\t\t\t\t<div class=\"col-md-6 col-lg-3\">\n\t\t\t\t\t\t<div class=\"home-banner__usps__item\">\n\t\t\t\t\t\t\t\t\t\t\t\t\t\t\t<img decoding=\"async\" data-src=\"https:\/\/stepanservice.climax.cz\/wp-content\/themes\/climax\/template\/src\/images\/design\/icons\/usps\/Address.svg\" width=\"32\"\n\t\t\t\t\t\t\t\t\t height=\"32\" alt=\"M\u00edsto\" src=\"data:image\/svg+xml;base64,PHN2ZyB3aWR0aD0iMSIgaGVpZ2h0PSIxIiB4bWxucz0iaHR0cDovL3d3dy53My5vcmcvMjAwMC9zdmciPjwvc3ZnPg==\" class=\"lazyload\" style=\"--smush-placeholder-width: 32px; --smush-placeholder-aspect-ratio: 32\/32;\" \/>\n\n\t\t\t\t\t\t\t\t\t\t\t\t\t\t<div>\n\t\t\t\t\t\t\t\tWir gehen dorthin, wo wir gebraucht werden.\r\nWir sind in einem gro\u00dfen Gebiet t\u00e4tig.\t\t\t\t\t\t\t<\/div>\n\t\t\t\t\t\t<\/div>\n\t\t\t\t\t<\/div>\n\t\t\t\t\t<div class=\"col-md-6 col-lg-3\">\n\t\t\t\t\t\t<div class=\"home-banner__usps__item\">\n\t\t\t\t\t\t\t\t\t\t\t\t\t\t\t<img decoding=\"async\" data-src=\"https:\/\/stepanservice.climax.cz\/wp-content\/themes\/climax\/template\/src\/images\/design\/icons\/usps\/HandshakeHeart.svg\" width=\"32\"\n\t\t\t\t\t\t\t\t\t height=\"32\" alt=\"Srdce\" src=\"data:image\/svg+xml;base64,PHN2ZyB3aWR0aD0iMSIgaGVpZ2h0PSIxIiB4bWxucz0iaHR0cDovL3d3dy53My5vcmcvMjAwMC9zdmciPjwvc3ZnPg==\" class=\"lazyload\" style=\"--smush-placeholder-width: 32px; --smush-placeholder-aspect-ratio: 32\/32;\" \/>\n\n\t\t\t\t\t\t\t\n\t\t\t\t\t\t\t<div>\n\t\t\t\t\t\t\t\tWir halten unsere Versprechen.\r\nUnabh\u00e4ngig von der Bestellmenge.\t\t\t\t\t\t\t<\/div>\n\t\t\t\t\t\t<\/div>\n\t\t\t\t\t<\/div>\n\t\t\t\t<\/div>\n\t\t\t<\/div>\n\t\t<\/div>\n\t<\/div>\n<\/section>\n\n\n<section class=\"home-products\">\n\t<div class=\"container container--xl\">\n\t\t<div class=\"home-products__header\">\n\t\t\t<h2>Wir bieten Beschattungen f\u00fcr jedes Haus, jede Terrasse, Wohnung oder jedes B\u00fcro<\/h2>\n\t\t\t<p>Wir installieren hochwertige Beschattungstechnik wie Rolll\u00e4den, Vorbaujalousien, Pergolen, Markisen oder Senkrechtmarkisen und Screens. Unsere Produkte verbinden bew\u00e4hrte L\u00f6sungen mit moderner Technologie und sorgen so f\u00fcr maximalen Komfort und Energieeinsparung. Wir helfen Ihnen gerne bei der Auswahl und Installation der idealen Beschattung f\u00fcr jeden Raum. Eine Filiale, in der Sie CLIMAX-Beschattungen ausw\u00e4hlen k\u00f6nnen, finden Sie in Doma\u017elice.<\/p>\n\t\t<\/div>\n\n\t\t<div class=\"row d-none d-lg-flex\">\n\t\t\t<div class=\"col-6 col-md-6\">\n\t\t\t\t<a  href=\"https:\/\/stepanservice.climax.cz\/de\/aussenbeschattung\/\" class=\"home-products__item home-products__item--big  h-100 click_view_banner_product lazyload\"\n\t\t\t\tstyle=\"background-image:inherit\"\n\t\t\t\t data-bg-image=\"url(&#039;https:\/\/www.servisclimax.at\/wp-content\/uploads\/sites\/35\/2025\/11\/Z-90-950x600-1-924x584.jpg&#039;)\">\n\t\t\t\t\t<div class=\"home-products__item__content \">\n\t\t\t\t\t\t<div>\n\t\t\t\t\t\t<h3>AUSSEN\u00ad\u00ad&shy;BESCHATTUNG<\/h3>\n\t\t\t\t\t\t\t\t\t\t\t\t<\/div>\n\t\t\t\t\t\t<p>\n\t\t\t\t\t\t\t<button class=\"button button--primary button--m\">\n\t\t\t\t\t\t\t\tSiehe<\/button>\n\t\t\t\t\t\t<\/p>\n\t\t\t\t\t<\/div>\n\t\t\t\t<\/a>\n\t\t\t<\/div>\n\t\t\t<div class=\"col-6 col-md-6 col-lg-3\">\n\n\t\t\t\t<a href=\"https:\/\/stepanservice.climax.cz\/de\/terrassenbeschattung\/\" class=\"home-products__item home-products__item--bigger click_view_banner_product lazyload\"\n\t\t\t\t\t style=\"background-image:inherit\"\n\t\t\t\t data-bg-image=\"url(&#039;https:\/\/www.servisclimax.at\/wp-content\/uploads\/sites\/35\/2025\/11\/Hlinikova-pergola-Lamelino-950x600-1-450x284.jpg&#039;)\">\n\t\t\t\t\t<div class=\"home-products__item__content\">\n\t\t\t\t\t\t<div>\n\t\t\t\t\t\t<h3>TERRASSEN&shy;BESCHATTUNG<\/h3>\n\t\t\t\t\t\t\t\t\t\t\t\t<\/div>\n\t\t\t\t\t\t<p>\n\t\t\t\t\t\t\t<button class=\"button button--primary button--m \">\n\t\t\t\t\t\t\t\tSiehe<\/button>\n\t\t\t\t\t\t<\/p>\n\t\t\t\t\t<\/div>\n\t\t\t\t<\/a>\n\n\t\t\t\t<a  href=\"https:\/\/stepanservice.climax.cz\/de\/innenbesachttung\/\" class=\"home-products__item click_view_banner_product lazyload\"\n\t\t\t\t\t style=\"background-image:inherit\" data-bg-image=\"url(&#039;https:\/\/www.servisclimax.at\/wp-content\/uploads\/sites\/35\/2025\/11\/Latkova-roleta-Varieta-950x600-1-450x284.jpg&#039;)\">\n\t\t\t\t\t<div class=\"home-products__item__content\">\n\n\t\t\t\t\t\t<div>\n\t\t\t\t\t\t<h3>INNEN&shy;\u00adBESCHATTUNG<\/h3>\n\t\t\t\t\t\t\t\t\t\t\t\t<\/div>\n\t\t\t\t\t\t<p>\n\t\t\t\t\t\t\t<button class=\"button button--primary button--m \">\n\t\t\t\t\t\t\t\tSiehe<\/button>\n\t\t\t\t\t\t<\/p>\n\t\t\t\t\t<\/div>\n\t\t\t\t<\/a>\n\t\t\t<\/div>\n\t\t\t<div class=\"col-md-6 col-lg-3\">\n\n\t\t\t\t<a href=\"https:\/\/stepanservice.climax.cz\/de\/insektenschutzgitter\/\" class=\"home-products__item home-products__item--bottom h-100 click_view_banner_product lazyload\"\n\t\t\t\t\t style=\"background-image:inherit\" data-bg-image=\"url(&#039;https:\/\/www.servisclimax.at\/wp-content\/uploads\/sites\/35\/2025\/11\/Plise-sit-950x600-1-450x284.jpg&#039;)\">\n\t\t\t\t\t<div class=\"home-products__item__content\">\n\n\t\t\t\t\t\t<div>\n\t\t\t\t\t\t<h3>INSEKTEN&shy;\u00adSCHUTZGITTER<\/h3>\n\t\t\t\t\t\t\t\t\t\t\t\t<\/div>\n\t\t\t\t\t\t<p>\n\t\t\t\t\t\t\t<button class=\"button button--primary button--m \">\n\t\t\t\t\t\t\t\tSiehe<\/button>\n\t\t\t\t\t\t<\/p>\n\t\t\t\t\t<\/div>\n\t\t\t\t<\/a>\n\t\t\t<\/div>\n\t\t<\/div>\n\n\n\t\t<div class=\"row row--2 d-flex d-lg-none\">\n\t\t\t\n\t\t\t<div class=\"col-6\">\n\t\t\t\t<div class=\"home-products__item home-products__item--bottom lazyload\"\n\t\t\t\t\t style=\"background-image:inherit\" data-bg-image=\"url(&#039;https:\/\/www.servisclimax.at\/wp-content\/uploads\/sites\/35\/2025\/11\/Z-90-950x600-1-450x284.jpg&#039;)\">\n\t\t\t\t\t<div class=\"home-products__item__content\">\n\n\t\t\t\t\t\t<div>\n\t\t\t\t\t\t\t<h3>AUSSEN\u00ad\u00ad&shy;BESCHATTUNG<\/h3>\n\t\t\t\t\t\t\t\t\t\t\t\t\t<\/div>\n\t\t\t\t\t\t<p class=\"mt-0\">\n\t\t\t\t\t\t\t<a href=\"https:\/\/stepanservice.climax.cz\/de\/aussenbeschattung\/\" class=\"button button--primary button--arrow button--m\">\n\t\t\t\t\t\t\t<\/a>\n\t\t\t\t\t\t<\/p>\n\t\t\t\t\t<\/div>\n\t\t\t\t<\/div>\n\t\t\t<\/div>\n\t\t\t\n\t\t\t<div class=\"col-6\">\n\t\t\t\t<div class=\"home-products__item home-products__item--bottom lazyload\"\n\t\t\t\t\t style=\"background-image:inherit\" data-bg-image=\"url(&#039;https:\/\/www.servisclimax.at\/wp-content\/uploads\/sites\/35\/2025\/11\/Hlinikova-pergola-Lamelino-950x600-1-450x284.jpg&#039;)\">\n\t\t\t\t\t<div class=\"home-products__item__content\">\n\n\t\t\t\t\t\t<div>\n\t\t\t\t\t\t\t<h3>TERRASSEN&shy;BESCHATTUNG<\/h3>\n\t\t\t\t\t\t\t\t\t\t\t\t\t<\/div>\n\t\t\t\t\t\t<p class=\"mt-0\">\n\t\t\t\t\t\t\t<a href=\"https:\/\/stepanservice.climax.cz\/de\/terrassenbeschattung\/\" class=\"button button--primary button--arrow button--m\">\n\t\t\t\t\t\t\t<\/a>\n\t\t\t\t\t\t<\/p>\n\t\t\t\t\t<\/div>\n\t\t\t\t<\/div>\n\t\t\t<\/div>\n\t\t\t\n\t\t\t<div class=\"col-6\">\n\t\t\t\t<div class=\"home-products__item home-products__item--bottom lazyload\"\n\t\t\t\t\t style=\"background-image:inherit\" data-bg-image=\"url(&#039;https:\/\/www.servisclimax.at\/wp-content\/uploads\/sites\/35\/2025\/11\/Latkova-roleta-Varieta-950x600-1-450x284.jpg&#039;)\">\n\t\t\t\t\t<div class=\"home-products__item__content\">\n\n\t\t\t\t\t\t<div>\n\t\t\t\t\t\t\t<h3>INNEN&shy;\u00adBESCHATTUNG<\/h3>\n\t\t\t\t\t\t\t\t\t\t\t\t\t<\/div>\n\t\t\t\t\t\t<p class=\"mt-0\">\n\t\t\t\t\t\t\t<a href=\"https:\/\/stepanservice.climax.cz\/de\/innenbesachttung\/\" class=\"button button--primary button--arrow button--m\">\n\t\t\t\t\t\t\t<\/a>\n\t\t\t\t\t\t<\/p>\n\t\t\t\t\t<\/div>\n\t\t\t\t<\/div>\n\t\t\t<\/div>\n\t\t\t\n\t\t\t<div class=\"col-6\">\n\t\t\t\t<div class=\"home-products__item home-products__item--bottom lazyload\"\n\t\t\t\t\t style=\"background-image:inherit\" data-bg-image=\"url(&#039;https:\/\/www.servisclimax.at\/wp-content\/uploads\/sites\/35\/2025\/11\/Plise-sit-950x600-1-450x284.jpg&#039;)\">\n\t\t\t\t\t<div class=\"home-products__item__content\">\n\n\t\t\t\t\t\t<div>\n\t\t\t\t\t\t\t<h3>INSEKTEN&shy;\u00adSCHUTZGITTER<\/h3>\n\t\t\t\t\t\t\t\t\t\t\t\t\t<\/div>\n\t\t\t\t\t\t<p class=\"mt-0\">\n\t\t\t\t\t\t\t<a href=\"https:\/\/stepanservice.climax.cz\/de\/insektenschutzgitter\/\" class=\"button button--primary button--arrow button--m\">\n\t\t\t\t\t\t\t<\/a>\n\t\t\t\t\t\t<\/p>\n\t\t\t\t\t<\/div>\n\t\t\t\t<\/div>\n\t\t\t<\/div>\n\t\t\t\t\t<\/div>\n\t<\/div>\n<\/section>\n\n<div>\n\t<div class=\"container\">\n\n\n","protected":false},"excerpt":{"rendered":"","protected":false},"author":1,"featured_media":0,"parent":0,"menu_order":0,"comment_status":"closed","ping_status":"closed","template":"","meta":{"_acf_changed":false,"inline_featured_image":false,"footnotes":""},"class_list":["post-21234","page","type-page","status-publish","hentry"],"acf":[],"yoast_head":"<!-- This site is optimized with the Yoast SEO Premium plugin v25.8 (Yoast SEO v27.2) - https:\/\/yoast.com\/product\/yoast-seo-premium-wordpress\/ -->\n<title>Startseite - Stepan service<\/title>\n<meta name=\"robots\" content=\"index, follow, max-snippet:-1, max-image-preview:large, max-video-preview:-1\" \/>\n<link rel=\"canonical\" href=\"https:\/\/stepanservice.climax.cz\/de\/\" \/>\n<meta property=\"og:locale\" content=\"de_DE\" \/>\n<meta property=\"og:type\" content=\"article\" \/>\n<meta property=\"og:title\" content=\"Startseite\" \/>\n<meta property=\"og:url\" content=\"https:\/\/stepanservice.climax.cz\/de\/\" \/>\n<meta property=\"og:site_name\" content=\"Stepan service\" \/>\n<meta property=\"article:modified_time\" content=\"2025-11-20T19:11:12+00:00\" \/>\n<meta name=\"twitter:card\" content=\"summary_large_image\" \/>\n<meta name=\"twitter:label1\" content=\"Gesch\u00e4tzte Lesezeit\" \/>\n\t<meta name=\"twitter:data1\" content=\"1\u00a0Minute\" \/>\n<script type=\"application\/ld+json\" class=\"yoast-schema-graph\">{\"@context\":\"https:\/\/schema.org\",\"@graph\":[{\"@type\":\"WebPage\",\"@id\":\"https:\/\/stepanservice.climax.cz\/de\/\",\"url\":\"https:\/\/stepanservice.climax.cz\/de\/\",\"name\":\"Startseite - Stepan service\",\"isPartOf\":{\"@id\":\"https:\/\/stepanservice.climax.cz\/de\/#website\"},\"datePublished\":\"2025-01-04T16:40:40+00:00\",\"dateModified\":\"2025-11-20T19:11:12+00:00\",\"breadcrumb\":{\"@id\":\"https:\/\/stepanservice.climax.cz\/de\/#breadcrumb\"},\"inLanguage\":\"de\",\"potentialAction\":[{\"@type\":\"ReadAction\",\"target\":[\"https:\/\/stepanservice.climax.cz\/de\/\"]}]},{\"@type\":\"BreadcrumbList\",\"@id\":\"https:\/\/stepanservice.climax.cz\/de\/#breadcrumb\",\"itemListElement\":[{\"@type\":\"ListItem\",\"position\":1,\"name\":\"Dom\u016f\",\"item\":\"https:\/\/stepanservice.climax.cz\/de\/startseite\/\"},{\"@type\":\"ListItem\",\"position\":2,\"name\":\"Startseite\"}]},{\"@type\":\"WebSite\",\"@id\":\"https:\/\/stepanservice.climax.cz\/de\/#website\",\"url\":\"https:\/\/stepanservice.climax.cz\/de\/\",\"name\":\"Stepan service\",\"description\":\"\",\"potentialAction\":[{\"@type\":\"SearchAction\",\"target\":{\"@type\":\"EntryPoint\",\"urlTemplate\":\"https:\/\/stepanservice.climax.cz\/de\/?s={search_term_string}\"},\"query-input\":{\"@type\":\"PropertyValueSpecification\",\"valueRequired\":true,\"valueName\":\"search_term_string\"}}],\"inLanguage\":\"de\"}]}<\/script>\n<!-- \/ Yoast SEO Premium plugin. -->","yoast_head_json":{"title":"Startseite - Stepan service","robots":{"index":"index","follow":"follow","max-snippet":"max-snippet:-1","max-image-preview":"max-image-preview:large","max-video-preview":"max-video-preview:-1"},"canonical":"https:\/\/stepanservice.climax.cz\/de\/","og_locale":"de_DE","og_type":"article","og_title":"Startseite","og_url":"https:\/\/stepanservice.climax.cz\/de\/","og_site_name":"Stepan service","article_modified_time":"2025-11-20T19:11:12+00:00","twitter_card":"summary_large_image","twitter_misc":{"Gesch\u00e4tzte Lesezeit":"1\u00a0Minute"},"schema":{"@context":"https:\/\/schema.org","@graph":[{"@type":"WebPage","@id":"https:\/\/stepanservice.climax.cz\/de\/","url":"https:\/\/stepanservice.climax.cz\/de\/","name":"Startseite - Stepan service","isPartOf":{"@id":"https:\/\/stepanservice.climax.cz\/de\/#website"},"datePublished":"2025-01-04T16:40:40+00:00","dateModified":"2025-11-20T19:11:12+00:00","breadcrumb":{"@id":"https:\/\/stepanservice.climax.cz\/de\/#breadcrumb"},"inLanguage":"de","potentialAction":[{"@type":"ReadAction","target":["https:\/\/stepanservice.climax.cz\/de\/"]}]},{"@type":"BreadcrumbList","@id":"https:\/\/stepanservice.climax.cz\/de\/#breadcrumb","itemListElement":[{"@type":"ListItem","position":1,"name":"Dom\u016f","item":"https:\/\/stepanservice.climax.cz\/de\/startseite\/"},{"@type":"ListItem","position":2,"name":"Startseite"}]},{"@type":"WebSite","@id":"https:\/\/stepanservice.climax.cz\/de\/#website","url":"https:\/\/stepanservice.climax.cz\/de\/","name":"Stepan service","description":"","potentialAction":[{"@type":"SearchAction","target":{"@type":"EntryPoint","urlTemplate":"https:\/\/stepanservice.climax.cz\/de\/?s={search_term_string}"},"query-input":{"@type":"PropertyValueSpecification","valueRequired":true,"valueName":"search_term_string"}}],"inLanguage":"de"}]}},"_links":{"self":[{"href":"https:\/\/stepanservice.climax.cz\/de\/wp-json\/wp\/v2\/pages\/21234","targetHints":{"allow":["GET"]}}],"collection":[{"href":"https:\/\/stepanservice.climax.cz\/de\/wp-json\/wp\/v2\/pages"}],"about":[{"href":"https:\/\/stepanservice.climax.cz\/de\/wp-json\/wp\/v2\/types\/page"}],"author":[{"embeddable":true,"href":"https:\/\/stepanservice.climax.cz\/de\/wp-json\/wp\/v2\/users\/1"}],"replies":[{"embeddable":true,"href":"https:\/\/stepanservice.climax.cz\/de\/wp-json\/wp\/v2\/comments?post=21234"}],"version-history":[{"count":16,"href":"https:\/\/stepanservice.climax.cz\/de\/wp-json\/wp\/v2\/pages\/21234\/revisions"}],"predecessor-version":[{"id":21423,"href":"https:\/\/stepanservice.climax.cz\/de\/wp-json\/wp\/v2\/pages\/21234\/revisions\/21423"}],"wp:attachment":[{"href":"https:\/\/stepanservice.climax.cz\/de\/wp-json\/wp\/v2\/media?parent=21234"}],"curies":[{"name":"wp","href":"https:\/\/api.w.org\/{rel}","templated":true}]}}